{"id":80,"date":"2025-12-26T07:52:55","date_gmt":"2025-12-26T07:52:55","guid":{"rendered":"https:\/\/karakayatarimgida.com.tr\/magaza\/?page_id=80"},"modified":"2025-12-26T07:52:55","modified_gmt":"2025-12-26T07:52:55","slug":"mesafeli-satis-sozlesmesi","status":"publish","type":"page","link":"https:\/\/karakayatarimgida.com.tr\/magaza\/mesafeli-satis-sozlesmesi\/","title":{"rendered":"Mesafeli Sat\u0131\u015f S\u00f6zle\u015fmesi"},"content":{"rendered":"\n<p>Bu s\u00f6zle\u015fme,<br><strong>KARAKAYATARIM GIDA \u0130N\u015eAAT CAFE SANAY\u0130 T\u0130CARET VE L\u0130M\u0130TED \u015e\u0130RKET\u0130<\/strong><br>ile site \u00fczerinden al\u0131\u015fveri\u015f yapan m\u00fc\u015fteri aras\u0131nda elektronik ortamda kurulmu\u015ftur.<\/p>\n\n\n\n<h3 class=\"wp-block-heading\">Sat\u0131c\u0131 Bilgileri<\/h3>\n\n\n\n<ul class=\"wp-block-list\">\n<li>\u00dcnvan: KARAKAYATARIM GIDA \u0130N\u015eAAT CAFE SANAY\u0130 T\u0130CARET VE LTD. \u015eT\u0130.<\/li>\n\n\n\n<li>Adres: Karakaya Mah. Karakaya Sok. No:10 \u0130slahiye \/ GAZ\u0130ANTEP<\/li>\n\n\n\n<li>E-posta: <a>info@karakayatarimgida.com<\/a><\/li>\n\n\n\n<li>Telefon: +90 552 181 43 27<\/li>\n\n\n\n<li>Web: <a href=\"https:\/\/karakayatarimgida.com.tr\">https:\/\/karakayatarimgida.com.tr<\/a><\/li>\n<\/ul>\n\n\n\n<h3 class=\"wp-block-heading\">Genel H\u00fck\u00fcmler<\/h3>\n\n\n\n<ul class=\"wp-block-list\">\n<li>M\u00fc\u015fteri, sipari\u015f vermeden \u00f6nce \u00fcr\u00fcn\u00fcn temel nitelikleri, fiyat\u0131 ve \u00f6deme bilgilerini okuyup kabul etti\u011fini beyan eder.<\/li>\n\n\n\n<li>\u00dcr\u00fcn bedeli, \u00f6deme tamamland\u0131ktan sonra i\u015fleme al\u0131n\u0131r.<\/li>\n\n\n\n<li>Teslimat, belirtilen s\u00fcre i\u00e7inde yap\u0131l\u0131r.<\/li>\n\n\n\n<li>Cayma hakk\u0131 ve iade ko\u015fullar\u0131 <strong>Teslimat ve \u0130ade Politikas\u0131<\/strong> kapsam\u0131nda ge\u00e7erlidir.<\/li>\n<\/ul>\n\n\n\n<p>Uyu\u015fmazl\u0131klarda, <strong>T.C. Ticaret Bakanl\u0131\u011f\u0131 T\u00fcketici Hakem Heyetleri ve T\u00fcketici Mahkemeleri<\/strong> yetkilidir.<\/p>\n","protected":false},"excerpt":{"rendered":"<p>Bu s\u00f6zle\u015fme,KARAKAYATARIM GIDA \u0130N\u015eAAT CAFE SANAY\u0130 T\u0130CARET VE L\u0130M\u0130TED \u015e\u0130RKET\u0130ile site \u00fczerinden al\u0131\u015fveri\u015f yapan m\u00fc\u015fteri aras\u0131nda elektronik ortamda kurulmu\u015ftur. Sat\u0131c\u0131 Bilgileri Genel H\u00fck\u00fcmler Uyu\u015fmazl\u0131klarda, T.C. Ticaret Bakanl\u0131\u011f\u0131 T\u00fcketici Hakem Heyetleri ve T\u00fcketici Mahkemeleri yetkilidir.<\/p>\n","protected":false},"author":1,"featured_media":0,"parent":0,"menu_order":0,"comment_status":"closed","ping_status":"closed","template":"","meta":{"footnotes":""},"class_list":["post-80","page","type-page","status-publish","hentry"],"_links":{"self":[{"href":"https:\/\/karakayatarimgida.com.tr\/magaza\/wp-json\/wp\/v2\/pages\/80","targetHints":{"allow":["GET"]}}],"collection":[{"href":"https:\/\/karakayatarimgida.com.tr\/magaza\/wp-json\/wp\/v2\/pages"}],"about":[{"href":"https:\/\/karakayatarimgida.com.tr\/magaza\/wp-json\/wp\/v2\/types\/page"}],"author":[{"embeddable":true,"href":"https:\/\/karakayatarimgida.com.tr\/magaza\/wp-json\/wp\/v2\/users\/1"}],"replies":[{"embeddable":true,"href":"https:\/\/karakayatarimgida.com.tr\/magaza\/wp-json\/wp\/v2\/comments?post=80"}],"version-history":[{"count":1,"href":"https:\/\/karakayatarimgida.com.tr\/magaza\/wp-json\/wp\/v2\/pages\/80\/revisions"}],"predecessor-version":[{"id":81,"href":"https:\/\/karakayatarimgida.com.tr\/magaza\/wp-json\/wp\/v2\/pages\/80\/revisions\/81"}],"wp:attachment":[{"href":"https:\/\/karakayatarimgida.com.tr\/magaza\/wp-json\/wp\/v2\/media?parent=80"}],"curies":[{"name":"wp","href":"https:\/\/api.w.org\/{rel}","templated":true}]}}